{"id":14142,"date":"2020-10-07T18:54:55","date_gmt":"2020-10-07T21:54:55","guid":{"rendered":"https:\/\/cursos.sower.com.ar\/?page_id=14142"},"modified":"2020-10-07T18:54:55","modified_gmt":"2020-10-07T21:54:55","slug":"natalia-casaballe","status":"publish","type":"page","link":"https:\/\/cursos.sower.com.ar\/?page_id=14142","title":{"rendered":"Natalia Casaballe"},"content":{"rendered":"<p>[vc_row][vc_column]\r\n\t<div class=\"edukul-spacer clearfix\" data-desktop=\"20\" data-mobi=\"60\" data-smobi=\"60\"><\/div>[vc_row_inner css=\u00bb.vc_custom_1574068086723{padding-top: 50px !important;padding-right: 50px !important;padding-bottom: 50px !important;padding-left: 50px !important;background-color: #f7f7f7 !important;}\u00bb][vc_column_inner width=\u00bb1\/2&#8243;]<div class=\"edukul-content-box clearfix \" data-padding=\"0 55px 0 0\" data-mobipadding=\"0 0 0 0\" data-margin=\"\" data-mobimargin=\"\" >\r\n\t\t<div class=\"inner ctb-839723963\" style=\"background-position:left top;background-repeat:no-repeat;\"  data-background=\"\">\r\n\t\t\t<div class=\"edukul-fancy-img  bg-bottom \" data-in-viewport=\"true\" >\r\n\t\t\t\t<div class=\"edukul-fancy-img-inner\">\r\n\t\t\t\t\t<span class=\"edukul-fancy-img-bg\"><\/span>\r\n\r\n\t\t\t\t\t<div class=\"edukul-fancy-img-holder\" style=\"\">\r\n\t\t\t\t\t\t<img decoding=\"async\" alt=\"image\" src=\"https:\/\/cursos.sower.com.ar\/wp-content\/uploads\/2020\/10\/Foto-de-perfil-fondo-blanco.jpg\" \/> \r\n\t\t\t\t\t<\/div>\r\n\t\t\t\t<\/div>\r\n\t\t\t<\/div>\r\n\t\t<\/div>\r\n\t<\/div>[\/vc_column_inner][vc_column_inner width=\u00bb1\/2&#8243;]\r\n\t<div class=\"edukul-spacer clearfix\" data-desktop=\"20\" data-mobi=\"40\" data-smobi=\"40\"><\/div><div class=\"edukul-simple-image no-effect  \" style=\"\" >\r\n\t\t\t\t<div><img decoding=\"async\" alt=\"image\" src=\"https:\/\/cursos.sower.com.ar\/wp-content\/uploads\/2019\/10\/separator2.png\" \/> <\/div>\r\n\t\t\t<\/div>\r\n\t<div class=\"edukul-spacer clearfix\" data-desktop=\"20\" data-mobi=\"40\" data-smobi=\"40\"><\/div><div class=\"edukul-headings clearfix \" data-font=55 data-mfont=36 style=\"\"><h2 class=\"heading clearfix \" style=\"max-width:450px;margin-bottom:25px;font-size:55px;\">\r\n\t\tCake Designer\r\n\t<\/h2><\/div>\r\n\t<div class=\"edukul-spacer clearfix\" data-desktop=\"20\" data-mobi=\"20\" data-smobi=\"20\"><\/div>[vc_column_text css_animation=\u00bbfadeIn\u00bb]<\/p>\n<div><strong>Mi trabajo<\/strong><\/div>\n<div>Comenc\u00e9 a trabajar en dise\u00f1o y decoraci\u00f3n de tortas a mediados del a\u00f1o 2012, con la idea de aplicar t\u00e9cnicas y recursos art\u00edsticos, creando dise\u00f1os originales, creativos y personalizados.<\/div>\n<div>El sello distintivo de mi estilo es la atenci\u00f3n a esos peque\u00f1os detalles que hacen la gran diferencia en un trabajo.<\/div>\n<div>Las tem\u00e1ticas y t\u00e9cnicas que he desarrollado son diversas y diferentes, desde dise\u00f1os delicados y rom\u00e1nticos, infantiles, realismo, texturas, anti gravedad, formatos no tradicionales, standing cake, texturas modernas, w\u00e1ter color, flores en pasta de goma, tortas para eventos, etc.<\/div>\n<div><\/div>\n<div><strong>Actividades destacadas<\/strong><\/div>\n<div>Participaci\u00f3n en muestras\/desaf\u00edos internacionales como Children&#8217;s classic books Sweet Collaboration y Avant-garde Cakes Next Generation.<\/div>\n<div>Publicaciones en p\u00e1ginas especializadas como Cakes Decor, American Cake Decorating y Cake Decorating Solutions.<\/div>\n<div>Publicaci\u00f3n de tutoriales in\u00e9ditos en Cake Masters Magazine (revista con sede en Inglaterra). \u201cTin Fish Cake\u201d edici\u00f3n julio 2018 para un especial de tortas infantiles y \u201cSanta Claus Cake\u201d edici\u00f3n noviembre 2019 para el especial de navidad.<\/div>\n<div>Publicaci\u00f3n en la revista Cake Decorating (revista americana) edici\u00f3n septiembre\/octubre 2019 del trabajo \u201cMagnolias luminosas\u201d (Collaboration y Avant-garde Cakes Next Generation).<\/div>\n<div>Participaci\u00f3n en Expo Pasteler\u00eda Creativa Rosario (septiembre 2019)<\/div>\n<div>Dictado de talleres de decoraci\u00f3n, tutoriales, demostraciones.<\/div>\n<div><\/div>\n<div><strong>Capacitaci\u00f3n Personal:<\/strong><\/div>\n<div>Capacitaci\u00f3n espec\u00edfica en decoraci\u00f3n de tortas recibida dentro y fuera del pa\u00eds se suma a otras \u00e1reas como escultura fant\u00e1stica y el cursado de la carrera de Publicidad y Dise\u00f1o.<\/div>\n<div>Decoraci\u00f3n de tortas. Academia Profesional de Cocina y Pasteler\u00eda Tom\u00e1s S\u00e1nchez \u2013 C\u00f3rdoba 2013<\/div>\n<div>Modelado Art\u00edstico de tortas. Academia Profesional de Cocina y Pasteler\u00eda Tom\u00e1s S\u00e1nchez \u2013 C\u00f3rdoba 2013<\/div>\n<div>Seminario Intensivo de Torta de Bodas. Silvia Favero Cakes \u2013 Buenos Aires 2015<\/div>\n<div>Fantastic Sculptures. Juan Fern\u00e1ndez. C\u00f3rdoba 2016<\/div>\n<div>Masterclass Decoraci\u00f3n de Tortas \u201cGravity Delfying Cake\u201d. Sharon We \u2013 Santiago de Chile 2016<\/div>\n<div>Masterclass de Modelado Busto Realista en Torta Real y Chocolate. Isabel Tamargo &#8211; Chile 2018<\/div>\n<div><\/div>\n<div><strong>Experiencia en Capacitaci\u00f3n<\/strong><\/div>\n<div>En el a\u00f1o 2016 comenc\u00e9 con el dictado de talleres en los cuales integro t\u00e9cnicas nuevas y modernas de decoraci\u00f3n de tortas en diferentes modalidades (clases particulares, talleres participativos de trabajo grupales, clases demostrativas grupales, clases privadas personalizadas, capacitaci\u00f3n espec\u00edfica a micro emprendimientos).<\/div>\n<div>Todos los proyectos preparados para capacitaci\u00f3n est\u00e1n pensados con objetivos espec\u00edficos y acompa\u00f1ados con m\u00e9todos claros, con pasos detallados para poder realizar el trabajo.<\/div>\n<div>Algunas de las t\u00e9cnicas, formatos y tem\u00e1ticas que trabajo:<\/div>\n<div>Stencil<\/div>\n<div>Aerograf\u00eda<\/div>\n<div>Water color<\/div>\n<div>Flores modeladas en pasta de goma<\/div>\n<div>Tortas anti gravedad &#8211; Standig Cake &#8211; Tortas talladas<\/div>\n<div>Tortas para eventos (boda, 15 a\u00f1os, empresas)<\/div>\n<div>Texturas modernas<\/div>\n<div>T\u00e9cnica de tortas rectas y bordes definidos (con sellado de ganache y gu\u00edas)<\/div>\n<div>Diversos m\u00e9todos de forrado.<\/div>\n<div>Estructuras para tortas de varios niveles.<\/div>\n<div>Modelado de piezas 2D, 2D con relieve (t\u00e9cnica propia) y 3D<\/div>\n<div>Modelado en chocolate<\/div>\n<div>Realismo<\/div>\n<div>Tortas infantiles<\/div>\n<p>[\/vc_column_text]\r\n\t<div class=\"edukul-spacer clearfix\" data-desktop=\"20\" data-mobi=\"20\" data-smobi=\"20\"><\/div><div class=\"edukul-icon icon-1386392862\"  data-icon=\"#ffffff\" data-background=\"#fe9823\" data-background-hover=\"#42495a\"><a class=\"url-wrap\" target=\"_blank\" href=\"https:\/\/www.facebook.com\/mycakenataliacasaballe\"><span class=\"icon\" style=\"font-size:15px;width:40px;height:40px;border-style:solid;border-radius:6px;line-height:40px;margin:0 10px 0 0;\"><i class=\"fab fa-facebook-f\"><\/i><\/span><\/a><\/div><div class=\"edukul-icon icon-841196665\"  data-icon=\"#ffffff\" data-background=\"#fe9823\" data-background-hover=\"#42495a\"><a class=\"url-wrap\" target=\"_blank\" href=\"https:\/\/www.instagram.com\/mycakenataliacasaballe\/\"><span class=\"icon\" style=\"font-size:15px;width:40px;height:40px;border-style:solid;border-radius:6px;line-height:40px;margin:0 10px 0 0;\"><i class=\"fab fa-instagram\"><\/i><\/span><\/a><\/div><div class=\"edukul-simple-image no-effect  \" style=\"\" >\r\n\t\t\t\t<div><img decoding=\"async\" alt=\"image\" src=\"https:\/\/cursos.sower.com.ar\/wp-content\/uploads\/2019\/10\/separator2.png\" \/> <\/div>\r\n\t\t\t<\/div>[\/vc_column_inner][\/vc_row_inner]\r\n\t<div class=\"edukul-spacer clearfix\" data-desktop=\"130\" data-mobi=\"60\" data-smobi=\"60\"><\/div>[\/vc_column][\/vc_row]<\/p>\n","protected":false},"excerpt":{"rendered":"<p>[vc_row][vc_column][vc_row_inner css=\u00bb.vc_custom_1574068086723{padding-top: 50px !important;padding-right: 50px !important;padding-bottom: 50px !important;padding-left: 50px !important;background-color: #f7f7f7 !important;}\u00bb][vc_column_inner width=\u00bb1\/2&#8243;][\/vc_column_inner][vc_column_inner width=\u00bb1\/2&#8243;][vc_column_text css_animation=\u00bbfadeIn\u00bb] Mi trabajo Comenc\u00e9 a trabajar en dise\u00f1o y decoraci\u00f3n de tortas a mediados del a\u00f1o 2012, con la idea de aplicar t\u00e9cnicas y recursos art\u00edsticos, creando dise\u00f1os originales, creativos y personalizados. El sello distintivo de<\/p>\n","protected":false},"author":1,"featured_media":0,"parent":0,"menu_order":0,"comment_status":"closed","ping_status":"closed","template":"","meta":{"_coblocks_attr":"","_coblocks_dimensions":"","_coblocks_responsive_height":"","_coblocks_accordion_ie_support":"","footnotes":""},"class_list":["post-14142","page","type-page","status-publish","hentry"],"yoast_head":"<!-- This site is optimized with the Yoast SEO plugin v27.4 - https:\/\/yoast.com\/product\/yoast-seo-wordpress\/ -->\n<title>Natalia Casaballe - Sower Cursos Online<\/title>\n<meta name=\"robots\" content=\"index, follow, max-snippet:-1, max-image-preview:large, max-video-preview:-1\" \/>\n<link rel=\"canonical\" href=\"https:\/\/cursos.sower.com.ar\/?page_id=14142\" \/>\n<meta property=\"og:locale\" content=\"es_ES\" \/>\n<meta property=\"og:type\" content=\"article\" \/>\n<meta property=\"og:title\" content=\"Natalia Casaballe - Sower Cursos Online\" \/>\n<meta property=\"og:description\" content=\"[vc_row][vc_column][vc_row_inner css=\u00bb.vc_custom_1574068086723{padding-top: 50px !important;padding-right: 50px !important;padding-bottom: 50px !important;padding-left: 50px !important;background-color: #f7f7f7 !important;}\u00bb][vc_column_inner width=\u00bb1\/2&#8243;][\/vc_column_inner][vc_column_inner width=\u00bb1\/2&#8243;][vc_column_text css_animation=\u00bbfadeIn\u00bb] Mi trabajo Comenc\u00e9 a trabajar en dise\u00f1o y decoraci\u00f3n de tortas a mediados del a\u00f1o 2012, con la idea de aplicar t\u00e9cnicas y recursos art\u00edsticos, creando dise\u00f1os originales, creativos y personalizados. El sello distintivo de\" \/>\n<meta property=\"og:url\" content=\"https:\/\/cursos.sower.com.ar\/?page_id=14142\" \/>\n<meta property=\"og:site_name\" content=\"Sower Cursos Online\" \/>\n<meta name=\"twitter:card\" content=\"summary_large_image\" \/>\n<meta name=\"twitter:label1\" content=\"Tiempo de lectura\" \/>\n\t<meta name=\"twitter:data1\" content=\"4 minutos\" \/>\n<script type=\"application\/ld+json\" class=\"yoast-schema-graph\">{\"@context\":\"https:\\\/\\\/schema.org\",\"@graph\":[{\"@type\":\"WebPage\",\"@id\":\"https:\\\/\\\/cursos.sower.com.ar\\\/?page_id=14142\",\"url\":\"https:\\\/\\\/cursos.sower.com.ar\\\/?page_id=14142\",\"name\":\"Natalia Casaballe - Sower Cursos Online\",\"isPartOf\":{\"@id\":\"https:\\\/\\\/cursos.sower.com.ar\\\/#website\"},\"datePublished\":\"2020-10-07T21:54:55+00:00\",\"breadcrumb\":{\"@id\":\"https:\\\/\\\/cursos.sower.com.ar\\\/?page_id=14142#breadcrumb\"},\"inLanguage\":\"es\",\"potentialAction\":[{\"@type\":\"ReadAction\",\"target\":[\"https:\\\/\\\/cursos.sower.com.ar\\\/?page_id=14142\"]}]},{\"@type\":\"BreadcrumbList\",\"@id\":\"https:\\\/\\\/cursos.sower.com.ar\\\/?page_id=14142#breadcrumb\",\"itemListElement\":[{\"@type\":\"ListItem\",\"position\":1,\"name\":\"Home\",\"item\":\"https:\\\/\\\/cursos.sower.com.ar\\\/\"},{\"@type\":\"ListItem\",\"position\":2,\"name\":\"Natalia Casaballe\"}]},{\"@type\":\"WebSite\",\"@id\":\"https:\\\/\\\/cursos.sower.com.ar\\\/#website\",\"url\":\"https:\\\/\\\/cursos.sower.com.ar\\\/\",\"name\":\"Sower Cursos Online\",\"description\":\"Plataforma de cursos online\",\"potentialAction\":[{\"@type\":\"SearchAction\",\"target\":{\"@type\":\"EntryPoint\",\"urlTemplate\":\"https:\\\/\\\/cursos.sower.com.ar\\\/?s={search_term_string}\"},\"query-input\":{\"@type\":\"PropertyValueSpecification\",\"valueRequired\":true,\"valueName\":\"search_term_string\"}}],\"inLanguage\":\"es\"}]}<\/script>\n<!-- \/ Yoast SEO plugin. -->","yoast_head_json":{"title":"Natalia Casaballe - Sower Cursos Online","robots":{"index":"index","follow":"follow","max-snippet":"max-snippet:-1","max-image-preview":"max-image-preview:large","max-video-preview":"max-video-preview:-1"},"canonical":"https:\/\/cursos.sower.com.ar\/?page_id=14142","og_locale":"es_ES","og_type":"article","og_title":"Natalia Casaballe - Sower Cursos Online","og_description":"[vc_row][vc_column][vc_row_inner css=\u00bb.vc_custom_1574068086723{padding-top: 50px !important;padding-right: 50px !important;padding-bottom: 50px !important;padding-left: 50px !important;background-color: #f7f7f7 !important;}\u00bb][vc_column_inner width=\u00bb1\/2&#8243;][\/vc_column_inner][vc_column_inner width=\u00bb1\/2&#8243;][vc_column_text css_animation=\u00bbfadeIn\u00bb] Mi trabajo Comenc\u00e9 a trabajar en dise\u00f1o y decoraci\u00f3n de tortas a mediados del a\u00f1o 2012, con la idea de aplicar t\u00e9cnicas y recursos art\u00edsticos, creando dise\u00f1os originales, creativos y personalizados. El sello distintivo de","og_url":"https:\/\/cursos.sower.com.ar\/?page_id=14142","og_site_name":"Sower Cursos Online","twitter_card":"summary_large_image","twitter_misc":{"Tiempo de lectura":"4 minutos"},"schema":{"@context":"https:\/\/schema.org","@graph":[{"@type":"WebPage","@id":"https:\/\/cursos.sower.com.ar\/?page_id=14142","url":"https:\/\/cursos.sower.com.ar\/?page_id=14142","name":"Natalia Casaballe - Sower Cursos Online","isPartOf":{"@id":"https:\/\/cursos.sower.com.ar\/#website"},"datePublished":"2020-10-07T21:54:55+00:00","breadcrumb":{"@id":"https:\/\/cursos.sower.com.ar\/?page_id=14142#breadcrumb"},"inLanguage":"es","potentialAction":[{"@type":"ReadAction","target":["https:\/\/cursos.sower.com.ar\/?page_id=14142"]}]},{"@type":"BreadcrumbList","@id":"https:\/\/cursos.sower.com.ar\/?page_id=14142#breadcrumb","itemListElement":[{"@type":"ListItem","position":1,"name":"Home","item":"https:\/\/cursos.sower.com.ar\/"},{"@type":"ListItem","position":2,"name":"Natalia Casaballe"}]},{"@type":"WebSite","@id":"https:\/\/cursos.sower.com.ar\/#website","url":"https:\/\/cursos.sower.com.ar\/","name":"Sower Cursos Online","description":"Plataforma de cursos online","potentialAction":[{"@type":"SearchAction","target":{"@type":"EntryPoint","urlTemplate":"https:\/\/cursos.sower.com.ar\/?s={search_term_string}"},"query-input":{"@type":"PropertyValueSpecification","valueRequired":true,"valueName":"search_term_string"}}],"inLanguage":"es"}]}},"jetpack_sharing_enabled":true,"_links":{"self":[{"href":"https:\/\/cursos.sower.com.ar\/index.php?rest_route=\/wp\/v2\/pages\/14142","targetHints":{"allow":["GET"]}}],"collection":[{"href":"https:\/\/cursos.sower.com.ar\/index.php?rest_route=\/wp\/v2\/pages"}],"about":[{"href":"https:\/\/cursos.sower.com.ar\/index.php?rest_route=\/wp\/v2\/types\/page"}],"author":[{"embeddable":true,"href":"https:\/\/cursos.sower.com.ar\/index.php?rest_route=\/wp\/v2\/users\/1"}],"replies":[{"embeddable":true,"href":"https:\/\/cursos.sower.com.ar\/index.php?rest_route=%2Fwp%2Fv2%2Fcomments&post=14142"}],"version-history":[{"count":6,"href":"https:\/\/cursos.sower.com.ar\/index.php?rest_route=\/wp\/v2\/pages\/14142\/revisions"}],"predecessor-version":[{"id":14149,"href":"https:\/\/cursos.sower.com.ar\/index.php?rest_route=\/wp\/v2\/pages\/14142\/revisions\/14149"}],"wp:attachment":[{"href":"https:\/\/cursos.sower.com.ar\/index.php?rest_route=%2Fwp%2Fv2%2Fmedia&parent=14142"}],"curies":[{"name":"wp","href":"https:\/\/api.w.org\/{rel}","templated":true}]}}